{"id":366,"date":"2024-01-10T11:45:13","date_gmt":"2024-01-10T10:45:13","guid":{"rendered":"https:\/\/staging.artquick.it\/?page_id=366"},"modified":"2024-01-18T12:52:10","modified_gmt":"2024-01-18T11:52:10","slug":"travel","status":"publish","type":"page","link":"https:\/\/staging.artquick.it\/?page_id=366","title":{"rendered":"Travel"},"content":{"rendered":"\n\t<section class=\"section\" id=\"section_1853738861\">\n\t\t<div class=\"bg section-bg fill bg-fill  bg-loaded\" >\n\n\t\t\t\n\t\t\t\n\t\t\t\n\n\t\t<\/div>\n\n\t\t\n\n\t\t<div class=\"section-content relative\">\n\t\t\t\n\n\n  <div class=\"banner has-hover\" id=\"banner-390377206\">\n          <div class=\"banner-inner fill\">\n        <div class=\"banner-bg fill\" >\n            <div class=\"bg fill bg-fill \"><\/div>\n                                    \n                    <\/div>\n\t\t\n        <div class=\"banner-layers container\">\n            <div class=\"fill banner-link\"><\/div>            \n\n\n        <\/div>\n      <\/div>\n\n            \n<style>\n#banner-390377206 {\n  padding-top: 119.74%;\n}\n#banner-390377206 .bg.bg-loaded {\n  background-image: url(https:\/\/staging.artquick.it\/wp-content\/uploads\/2024\/01\/Leonardo_Diffusion_XL_airplane_flying_through_an_abstract_and_0.png);\n}\n#banner-390377206 .bg {\n  background-position: 53% 16%;\n}\n@media (min-width:550px) {\n  #banner-390377206 {\n    padding-top: 36%;\n  }\n}\n<\/style>\n  <\/div>\n\n\n\n\t\t<\/div>\n\n\t\t\n<style>\n#section_1853738861 {\n  padding-top: 0px;\n  padding-bottom: 0px;\n}\n<\/style>\n\t<\/section>\n\t\n\t<section class=\"section\" id=\"section_1390762120\">\n\t\t<div class=\"bg section-bg fill bg-fill  bg-loaded\" >\n\n\t\t\t\n\t\t\t\n\t\t\t\n\n\t\t<\/div>\n\n\t\t\n\n\t\t<div class=\"section-content relative\">\n\t\t\t\n\n\t<div id=\"gap-1070642007\" class=\"gap-element clearfix\" style=\"display:block; height:auto;\">\n\t\t\n<style>\n#gap-1070642007 {\n  padding-top: 30px;\n}\n<\/style>\n\t<\/div>\n\t\n\n<div class=\"row row-large align-equal align-center\"  id=\"row-516972911\">\n\n\n\t<div id=\"col-1754893687\" class=\"col medium-6 small-11 large-6\"  >\n\t\t\t\t<div class=\"col-inner\"  >\n\t\t\t\n\t\t\t\n\n\t<div id=\"text-271353833\" class=\"text\">\n\t\t\n\n<h3><span style=\"color: #fcc400;\"><span style=\"caret-color: #fcc400;\">Muoviamo la<br \/><\/span><\/span><span style=\"color: #fcc400;\"><span style=\"caret-color: #fcc400;\">tua <span style=\"color: #fcc400;\">azienda<\/span><\/span><\/span><\/h3>\n\t\t\n<style>\n#text-271353833 {\n  font-size: 2.25rem;\n  line-height: 1.25;\n}\n<\/style>\n\t<\/div>\n\t\n<p>Con ArtQuick semplifichi i tuoi <strong>viaggi aziendali<\/strong>, grazie alle tariffe agevolate concordate con le principali compagnie aeree e ferroviarie e ai servizi specifici per il business travel.<\/p>\n\t<div id=\"gap-875860634\" class=\"gap-element clearfix\" style=\"display:block; height:auto;\">\n\t\t\n<style>\n#gap-875860634 {\n  padding-top: 25px;\n}\n<\/style>\n\t<\/div>\n\t\n\n\n  <div class=\"banner has-hover has-parallax\" id=\"banner-1002407234\">\n          <div class=\"banner-inner fill\">\n        <div class=\"banner-bg fill\" data-parallax=\"-6\" data-parallax-container=\".banner\" data-parallax-background>\n            <div class=\"bg fill bg-fill \"><\/div>\n                                    \n                    <\/div>\n\t\t\n        <div class=\"banner-layers container\">\n            <div class=\"fill banner-link\"><\/div>            \n\n\n        <\/div>\n      <\/div>\n\n            \n<style>\n#banner-1002407234 {\n  padding-top: 99.99%;\n  background-color: rgba(255, 255, 255, 0);\n}\n#banner-1002407234 .bg.bg-loaded {\n  background-image: url(https:\/\/staging.artquick.it\/wp-content\/uploads\/2024\/01\/Schermata-2020-03-21-alle-15.12.23.png.png);\n}\n#banner-1002407234 .bg {\n  background-position: 45% 61%;\n}\n@media (min-width:550px) {\n  #banner-1002407234 {\n    padding-top: 550px;\n  }\n}\n<\/style>\n  <\/div>\n\n\n\n\t\t<\/div>\n\t\t\t\t\t<\/div>\n\n\t\n\n\t<div id=\"col-1317343387\" class=\"col medium-6 small-11 large-6\"  >\n\t\t\t\t<div class=\"col-inner\"  >\n\t\t\t\n\t\t\t\n\n\n  <div class=\"banner has-hover has-parallax\" id=\"banner-1743951912\">\n          <div class=\"banner-inner fill\">\n        <div class=\"banner-bg fill\" data-parallax=\"-6\" data-parallax-container=\".banner\" data-parallax-background>\n            <div class=\"bg fill bg-fill \"><\/div>\n                                    \n                    <\/div>\n\t\t\n        <div class=\"banner-layers container\">\n            <div class=\"fill banner-link\"><\/div>            \n\n\n        <\/div>\n      <\/div>\n\n            \n<style>\n#banner-1743951912 {\n  padding-top: 99.99%;\n  background-color: rgba(255, 255, 255, 0);\n}\n#banner-1743951912 .bg.bg-loaded {\n  background-image: url(https:\/\/staging.artquick.it\/wp-content\/uploads\/2024\/01\/empire-state-building-ny.png);\n}\n#banner-1743951912 .bg {\n  background-position: 49% 57%;\n}\n@media (min-width:550px) {\n  #banner-1743951912 {\n    padding-top: 550px;\n  }\n}\n<\/style>\n  <\/div>\n\n\n\t<div id=\"gap-253951063\" class=\"gap-element clearfix\" style=\"display:block; height:auto;\">\n\t\t\n<style>\n#gap-253951063 {\n  padding-top: 30px;\n}\n<\/style>\n\t<\/div>\n\t\n\n<p>Consulenza completa, chiarezza nell&#8217;analisi, tempestivit\u00e0 delle risposte, visione precisa dell&#8217;obiettivo. Questo \u00e8 <strong>ArtQuick.<\/strong><\/p>\n<a class=\"button secondary\"  style=\"border-radius:99px;padding:8px 30px 8px 30px;\">\n    <span>More about<\/span>\n  <\/a>\n\n\n\n\t\t<\/div>\n\t\t\t\t\t<\/div>\n\n\t\n\n<\/div>\n\n\t\t<\/div>\n\n\t\t\n<style>\n#section_1390762120 {\n  padding-top: 50px;\n  padding-bottom: 50px;\n  background-color: rgb(248, 248, 242);\n}\n<\/style>\n\t<\/section>\n\t\n\t<section class=\"section\" id=\"section_1144484573\">\n\t\t<div class=\"bg section-bg fill bg-fill  bg-loaded\" >\n\n\t\t\t\n\t\t\t\n\t\t\t\n\n\t\t<\/div>\n\n\t\t\n\n\t\t<div class=\"section-content relative\">\n\t\t\t\n\n<div class=\"row align-center\"  id=\"row-894951927\">\n\n\n\t<div id=\"col-2123391065\" class=\"col medium-6 small-12 large-6\"  >\n\t\t\t\t<div class=\"col-inner text-center\"  >\n\t\t\t\n\t\t\t\n\n\t<div id=\"gap-340283019\" class=\"gap-element clearfix\" style=\"display:block; height:auto;\">\n\t\t\n<style>\n#gap-340283019 {\n  padding-top: 30px;\n}\n<\/style>\n\t<\/div>\n\t\n\n\t<div id=\"text-3762167353\" class=\"text\">\n\t\t\n\n<h3>Our Services<\/h3>\n\t\t\n<style>\n#text-3762167353 {\n  font-size: 2.25rem;\n  line-height: 0.75;\n}\n<\/style>\n\t<\/div>\n\t\n<div class=\"is-divider divider clearfix\" style=\"max-width:175px;height:2px;background-color:rgb(28, 32, 105);\"><\/div>\n\n\n\t\t<\/div>\n\t\t\t\t\t<\/div>\n\n\t\n\n<\/div>\n<div class=\"row row-small align-equal align-center row-box-shadow-3-hover\"  id=\"row-165409393\">\n\n\n\t<div id=\"col-1737947407\" class=\"col medium-4 small-11 large-4\"  >\n\t\t\t\t<div class=\"col-inner\"  >\n\t\t\t\n\t<div class=\"is-border\"\n\t\tstyle=\"border-color:rgb(28, 32, 105);border-radius:8px;border-width:6px 6px 6px 6px;\">\n\t<\/div>\n\t\t\t\n\n\n\t\t<div class=\"icon-box featured-box icon-box-center text-center\"  >\n\t\t\t\t\t<div class=\"icon-box-img\" style=\"width: 50px\">\n\t\t\t\t<div class=\"icon\">\n\t\t\t\t\t<div class=\"icon-inner\" >\n\t\t\t\t\t\t<img loading=\"lazy\" decoding=\"async\" width=\"300\" height=\"300\" src=\"https:\/\/staging.artquick.it\/wp-content\/uploads\/2024\/01\/prenotazioni-300x300.png\" class=\"attachment-medium size-medium\" alt=\"\" srcset=\"https:\/\/staging.artquick.it\/wp-content\/uploads\/2024\/01\/prenotazioni-300x300.png 300w, https:\/\/staging.artquick.it\/wp-content\/uploads\/2024\/01\/prenotazioni-1024x1024.png 1024w, https:\/\/staging.artquick.it\/wp-content\/uploads\/2024\/01\/prenotazioni-150x150.png 150w, https:\/\/staging.artquick.it\/wp-content\/uploads\/2024\/01\/prenotazioni-768x768.png 768w, https:\/\/staging.artquick.it\/wp-content\/uploads\/2024\/01\/prenotazioni.png 1200w\" sizes=\"auto, (max-width: 300px) 100vw, 300px\" \/>\t\t\t\t\t<\/div>\n\t\t\t\t<\/div>\n\t\t\t<\/div>\n\t\t\t\t<div class=\"icon-box-text last-reset\">\n\t\t\t\t\t\t\t\t\t\n\n\t<div id=\"text-2809089095\" class=\"text\">\n\t\t\n\n<h2>Prenotazioni<\/h2>\n\t\t\n<style>\n#text-2809089095 {\n  font-size: 1rem;\n}\n@media (min-width:850px) {\n  #text-2809089095 {\n    font-size: 1.25rem;\n  }\n}\n<\/style>\n\t<\/div>\n\t\n\t<div id=\"gap-1030580252\" class=\"gap-element clearfix\" style=\"display:block; height:auto;\">\n\t\t\n<style>\n#gap-1030580252 {\n  padding-top: 10px;\n}\n<\/style>\n\t<\/div>\n\t\n\n<p><span style=\"color: #1c2069;\">Aerei, treni e traghetti<\/span><br \/><span style=\"color: #1c2069;\">Voli aerotaxi e charter<\/span><br \/><span style=\"color: #1c2069;\">Gestione alberghiera<\/span><br \/><span style=\"color: #1c2069;\">Noleggio auto\/taxi\/ncc<\/span><\/p>\n\n\t\t<\/div>\n\t<\/div>\n\t\n\t\n\n\t\t<\/div>\n\t\t\t\t\t<\/div>\n\n\t\n\n\t<div id=\"col-1964749458\" class=\"col medium-4 small-11 large-4\"  >\n\t\t\t\t<div class=\"col-inner dark\" style=\"background-color:rgb(28, 32, 105);\" >\n\t\t\t\n\t\t\t\n\n\n\t\t<div class=\"icon-box featured-box icon-box-center text-center\"  >\n\t\t\t\t\t<div class=\"icon-box-img\" style=\"width: 50px\">\n\t\t\t\t<div class=\"icon\">\n\t\t\t\t\t<div class=\"icon-inner\" >\n\t\t\t\t\t\t<img loading=\"lazy\" decoding=\"async\" width=\"300\" height=\"300\" src=\"https:\/\/staging.artquick.it\/wp-content\/uploads\/2024\/01\/assistenza-300x300.png\" class=\"attachment-medium size-medium\" alt=\"\" srcset=\"https:\/\/staging.artquick.it\/wp-content\/uploads\/2024\/01\/assistenza-300x300.png 300w, https:\/\/staging.artquick.it\/wp-content\/uploads\/2024\/01\/assistenza-1024x1024.png 1024w, https:\/\/staging.artquick.it\/wp-content\/uploads\/2024\/01\/assistenza-150x150.png 150w, https:\/\/staging.artquick.it\/wp-content\/uploads\/2024\/01\/assistenza-768x768.png 768w, https:\/\/staging.artquick.it\/wp-content\/uploads\/2024\/01\/assistenza.png 1200w\" sizes=\"auto, (max-width: 300px) 100vw, 300px\" \/>\t\t\t\t\t<\/div>\n\t\t\t\t<\/div>\n\t\t\t<\/div>\n\t\t\t\t<div class=\"icon-box-text last-reset\">\n\t\t\t\t\t\t\t\t\t\n\n\t<div id=\"text-162283209\" class=\"text\">\n\t\t\n\n<h2>Assistenza<\/h2>\n\t\t\n<style>\n#text-162283209 {\n  font-size: 1rem;\n}\n@media (min-width:850px) {\n  #text-162283209 {\n    font-size: 1.25rem;\n  }\n}\n<\/style>\n\t<\/div>\n\t\n\t<div id=\"gap-769927825\" class=\"gap-element clearfix\" style=\"display:block; height:auto;\">\n\t\t\n<style>\n#gap-769927825 {\n  padding-top: 10px;\n}\n<\/style>\n\t<\/div>\n\t\n\n<p>Account dedicato<br \/>Prenotazioni fino all\u2019ultimo<br \/>tempo utile (tre ore circa)<br \/>Assistenza 24\/24<\/p>\n\n\t\t<\/div>\n\t<\/div>\n\t\n\t\n\n\t\t<\/div>\n\t\t\t\t\t<\/div>\n\n\t\n\n\t<div id=\"col-1721135432\" class=\"col medium-4 small-11 large-4\"  >\n\t\t\t\t<div class=\"col-inner\"  >\n\t\t\t\n\t<div class=\"is-border\"\n\t\tstyle=\"border-color:rgb(28, 32, 105);border-radius:8px;border-width:6px 6px 6px 6px;\">\n\t<\/div>\n\t\t\t\n\n\n\t\t<div class=\"icon-box featured-box icon-box-center text-center\"  >\n\t\t\t\t\t<div class=\"icon-box-img\" style=\"width: 50px\">\n\t\t\t\t<div class=\"icon\">\n\t\t\t\t\t<div class=\"icon-inner\" >\n\t\t\t\t\t\t<img loading=\"lazy\" decoding=\"async\" width=\"300\" height=\"300\" src=\"https:\/\/staging.artquick.it\/wp-content\/uploads\/2024\/01\/altro-300x300.png\" class=\"attachment-medium size-medium\" alt=\"\" srcset=\"https:\/\/staging.artquick.it\/wp-content\/uploads\/2024\/01\/altro-300x300.png 300w, https:\/\/staging.artquick.it\/wp-content\/uploads\/2024\/01\/altro-1024x1024.png 1024w, https:\/\/staging.artquick.it\/wp-content\/uploads\/2024\/01\/altro-150x150.png 150w, https:\/\/staging.artquick.it\/wp-content\/uploads\/2024\/01\/altro-768x768.png 768w, https:\/\/staging.artquick.it\/wp-content\/uploads\/2024\/01\/altro.png 1200w\" sizes=\"auto, (max-width: 300px) 100vw, 300px\" \/>\t\t\t\t\t<\/div>\n\t\t\t\t<\/div>\n\t\t\t<\/div>\n\t\t\t\t<div class=\"icon-box-text last-reset\">\n\t\t\t\t\t\t\t\t\t\n\n\t<div id=\"text-2621137990\" class=\"text\">\n\t\t\n\n<h2>Servizi accessori<\/h2>\n\t\t\n<style>\n#text-2621137990 {\n  font-size: 1rem;\n}\n@media (min-width:850px) {\n  #text-2621137990 {\n    font-size: 1.25rem;\n  }\n}\n<\/style>\n\t<\/div>\n\t\n\t<div id=\"gap-1653254132\" class=\"gap-element clearfix\" style=\"display:block; height:auto;\">\n\t\t\n<style>\n#gap-1653254132 {\n  padding-top: 10px;\n}\n<\/style>\n\t<\/div>\n\t\n\n<p>Visti consolari ed ESTA<br \/>Polizze assicurative<\/p>\n\n\t\t<\/div>\n\t<\/div>\n\t\n\t\n\n\t\t<\/div>\n\t\t\t\t\t<\/div>\n\n\t\n\n\n<style>\n#row-165409393 > .col > .col-inner {\n  padding: 30px 20px 30px 20px;\n  border-radius: 5px;\n}\n@media (min-width:850px) {\n  #row-165409393 > .col > .col-inner {\n    padding: 70px 40px 70px 40px;\n  }\n}\n<\/style>\n<\/div>\n\n\t\t<\/div>\n\n\t\t\n<style>\n#section_1144484573 {\n  padding-top: 40px;\n  padding-bottom: 40px;\n  background-color: rgb(254, 180, 24);\n}\n@media (min-width:550px) {\n  #section_1144484573 {\n    padding-top: 70px;\n    padding-bottom: 70px;\n  }\n}\n<\/style>\n\t<\/section>\n\t\n\t<section class=\"section\" id=\"section_1329472769\">\n\t\t<div class=\"bg section-bg fill bg-fill  bg-loaded\" >\n\n\t\t\t\n\t\t\t\n\t\t\t\n\n\t\t<\/div>\n\n\t\t\n\n\t\t<div class=\"section-content relative\">\n\t\t\t\n\n<div class=\"row row-large align-middle align-center\"  id=\"row-431526056\">\n\n\n\t<div id=\"col-849367642\" class=\"col small-11 large-12\"  >\n\t\t\t\t<div class=\"col-inner\"  >\n\t\t\t\n\t\t\t\n\n\t<div id=\"gap-825277476\" class=\"gap-element clearfix show-for-medium\" style=\"display:block; height:auto;\">\n\t\t\n<style>\n#gap-825277476 {\n  padding-top: 46px;\n}\n@media (min-width:550px) {\n  #gap-825277476 {\n    padding-top: 30px;\n  }\n}\n<\/style>\n\t<\/div>\n\t\n\n\t<div id=\"text-4064310904\" class=\"text\">\n\t\t\n\n<h3 style=\"text-align: center;\"><span style=\"color: #fcc400;\"><span style=\"caret-color: #fcc400;\">Siamo la garanzia della migliore tariffa disponibile.<\/span><\/span><\/h3>\n\t\t\n<style>\n#text-4064310904 {\n  font-size: 1.85rem;\n  line-height: 1.25;\n}\n@media (min-width:550px) {\n  #text-4064310904 {\n    font-size: 2rem;\n  }\n}\n<\/style>\n\t<\/div>\n\t\n\n\t\t<\/div>\n\t\t\t\t\t<\/div>\n\n\t\n\n<\/div>\n\n\t\t<\/div>\n\n\t\t\n<style>\n#section_1329472769 {\n  padding-top: 57px;\n  padding-bottom: 57px;\n}\n@media (min-width:550px) {\n  #section_1329472769 {\n    padding-top: 109px;\n    padding-bottom: 109px;\n  }\n}\n@media (min-width:850px) {\n  #section_1329472769 {\n    padding-top: 166px;\n    padding-bottom: 166px;\n  }\n}\n<\/style>\n\t<\/section>\n\t\n\t<section class=\"section\" id=\"section_2097858280\">\n\t\t<div class=\"bg section-bg fill bg-fill  bg-loaded\" >\n\n\t\t\t\n\t\t\t\n\t\t\t\n\n\t\t<\/div>\n\n\t\t\n\n\t\t<div class=\"section-content relative\">\n\t\t\t\n\n<div class=\"row row-collapse row-full-width align-middle align-center\"  id=\"row-192549368\">\n\n\n\t<div id=\"col-739108714\" class=\"col medium-12 small-12 large-8 medium-col-first\"  >\n\t\t\t\t<div class=\"col-inner\"  >\n\t\t\t\n\t\t\t\n\n\n  <div class=\"banner has-hover\" id=\"banner-1365050049\">\n          <div class=\"banner-inner fill\">\n        <div class=\"banner-bg fill\" >\n            <div class=\"bg fill bg-fill \"><\/div>\n                                    \n                    <\/div>\n\t\t\n        <div class=\"banner-layers container\">\n            <div class=\"fill banner-link\"><\/div>            \n\n\n        <\/div>\n      <\/div>\n\n            \n<style>\n#banner-1365050049 {\n  padding-top: 300px;\n  background-color: rgb(255, 255, 255);\n}\n#banner-1365050049 .bg.bg-loaded {\n  background-image: url(https:\/\/staging.artquick.it\/wp-content\/uploads\/2024\/01\/Leonardo_Diffusion_XL_People_discovering_an_tropical_ambient_0.png);\n}\n#banner-1365050049 .bg {\n  background-position: 46% 54%;\n}\n@media (min-width:550px) {\n  #banner-1365050049 {\n    padding-top: 500px;\n  }\n}\n@media (min-width:850px) {\n  #banner-1365050049 {\n    padding-top: 700px;\n  }\n}\n<\/style>\n  <\/div>\n\n\n\n\t\t<\/div>\n\t\t\t\t\t<\/div>\n\n\t\n\n\t<div id=\"col-2066304923\" class=\"col medium-10 small-9 large-4\"  >\n\t\t\t\t<div class=\"col-inner\"  >\n\t\t\t\n\t\t\t\n\n<h2><span style=\"font-size: 160%; color: #fcc400;\">Personal Travel<\/span><\/h2>\n<p><span style=\"font-size: 120%; color: #1c2069;\"><strong>L&#8217;avventura non finisce qui.<\/strong><\/span><\/p>\n<p><span style=\"color: #1c2069;\">Artquick non ti lascia solo durante il viaggio. <\/span><br \/><span style=\"color: #1c2069;\">In caso di necessit\u00e0, vi \u00e8 la possibilit\u00e0 di <strong>portare la famiglia<\/strong> che verr\u00e0 intrattenuta dalle attivit\u00e0 offerte. Inoltre, l&#8217;azienda propone anche un servizio di abbinamento a trasferte di lavoro ed attivit\u00e0 di interesse ludico.<\/span><\/p>\n\n\t\t<\/div>\n\t\t\t\t\n<style>\n#col-2066304923 > .col-inner {\n  padding: 50px 0px 50px 0px;\n}\n@media (min-width:850px) {\n  #col-2066304923 > .col-inner {\n    padding: 0px 20% 0px 20%;\n  }\n}\n<\/style>\n\t<\/div>\n\n\t\n\n<\/div>\n\n\t\t<\/div>\n\n\t\t\n<style>\n#section_2097858280 {\n  padding-top: 0px;\n  padding-bottom: 0px;\n  background-color: rgb(255, 239, 212);\n}\n<\/style>\n\t<\/section>\n\t\n<div class=\"row row-collapse row-full-width align-middle align-center\"  id=\"row-632024323\">\n\n\n\t<div id=\"col-1511646867\" class=\"col medium-12 small-12 large-4\"  >\n\t\t\t\t<div class=\"col-inner\"  >\n\t\t\t\n\t\t\t\n\n\n  <div class=\"banner has-hover hide-for-medium\" id=\"banner-1090527872\">\n          <div class=\"banner-inner fill\">\n        <div class=\"banner-bg fill\" >\n            <div class=\"bg fill bg-fill \"><\/div>\n                                    \n                    <\/div>\n\t\t\n        <div class=\"banner-layers container\">\n            <div class=\"fill banner-link\"><\/div>            \n\n\n        <\/div>\n      <\/div>\n\n            \n<style>\n#banner-1090527872 {\n  padding-top: 92px;\n  background-color: rgb(254, 180, 24);\n}\n@media (min-width:550px) {\n  #banner-1090527872 {\n    padding-top: 500px;\n  }\n}\n<\/style>\n  <\/div>\n\n\n\n  <div class=\"banner has-hover show-for-medium\" id=\"banner-252944368\">\n          <div class=\"banner-inner fill\">\n        <div class=\"banner-bg fill\" >\n            <div class=\"bg fill bg-fill \"><\/div>\n                                    \n                    <\/div>\n\t\t\n        <div class=\"banner-layers container\">\n            <div class=\"fill banner-link\"><\/div>            \n\n   <div id=\"text-box-2124874069\" class=\"text-box banner-layer x50 md-x50 lg-x50 y50 md-y50 lg-y50 res-text\">\n                                <div class=\"text-box-content text \">\n              \n              <div class=\"text-inner text-center\">\n                  \n\n<h2>Notizie dal mondo, promozioni e spunti nella nostra sezione dedicata ai viaggi aziendali.<\/h2>\n<a class=\"button primary is-xlarge\"  style=\"border-radius:99px;\">\n    <span>GUARDA QUI<\/span>\n  <\/a>\n\n\n\n              <\/div>\n           <\/div>\n                            \n<style>\n#text-box-2124874069 {\n  width: 78%;\n}\n#text-box-2124874069 .text-box-content {\n  font-size: 84%;\n}\n@media (min-width:550px) {\n  #text-box-2124874069 .text-box-content {\n    font-size: 103%;\n  }\n}\n@media (min-width:850px) {\n  #text-box-2124874069 {\n    width: 60%;\n  }\n  #text-box-2124874069 .text-box-content {\n    font-size: 100%;\n  }\n}\n<\/style>\n    <\/div>\n \n\n        <\/div>\n      <\/div>\n\n            \n<style>\n#banner-252944368 {\n  padding-top: 324px;\n  background-color: rgb(252, 196, 0);\n}\n@media (min-width:550px) {\n  #banner-252944368 {\n    padding-top: 440px;\n  }\n}\n@media (min-width:850px) {\n  #banner-252944368 {\n    padding-top: 500px;\n  }\n}\n<\/style>\n  <\/div>\n\n\n\n\t\t<\/div>\n\t\t\t\t\t<\/div>\n\n\t\n\n\t<div id=\"col-368175547\" class=\"col medium-12 small-12 large-4\"  >\n\t\t\t\t<div class=\"col-inner\"  >\n\t\t\t\n\t\t\t\n\n\n  <div class=\"banner has-hover hide-for-medium\" id=\"banner-685910782\">\n          <div class=\"banner-inner fill\">\n        <div class=\"banner-bg fill\" >\n            <div class=\"bg fill bg-fill \"><\/div>\n                                    \n                    <\/div>\n\t\t\n        <div class=\"banner-layers container\">\n            <div class=\"fill banner-link\"><\/div>            \n\n   <div id=\"text-box-1857334692\" class=\"text-box banner-layer x50 md-x50 lg-x50 y50 md-y50 lg-y50 res-text\">\n                                <div class=\"text-box-content text \">\n              \n              <div class=\"text-inner text-center\">\n                  \n\n<h2>Notizie dal mondo, promozioni e spunti nella nostra sezione dedicata ai viaggi aziendali.<\/h2>\n\t<div id=\"gap-1717248664\" class=\"gap-element clearfix\" style=\"display:block; height:auto;\">\n\t\t\n<style>\n#gap-1717248664 {\n  padding-top: 30px;\n}\n<\/style>\n\t<\/div>\n\t\n\n<a class=\"button primary is-large\"  style=\"border-radius:99px;\">\n    <span>GUARDA QUI<\/span>\n  <\/a>\n\n\n\n              <\/div>\n           <\/div>\n                            \n<style>\n#text-box-1857334692 {\n  width: 78%;\n}\n#text-box-1857334692 .text-box-content {\n  font-size: 84%;\n}\n@media (min-width:550px) {\n  #text-box-1857334692 .text-box-content {\n    font-size: 103%;\n  }\n}\n@media (min-width:850px) {\n  #text-box-1857334692 {\n    width: 67%;\n  }\n  #text-box-1857334692 .text-box-content {\n    font-size: 141%;\n  }\n}\n<\/style>\n    <\/div>\n \n\n        <\/div>\n      <\/div>\n\n            \n<style>\n#banner-685910782 {\n  padding-top: 324px;\n  background-color: rgb(255, 255, 255);\n}\n@media (min-width:550px) {\n  #banner-685910782 {\n    padding-top: 440px;\n  }\n}\n@media (min-width:850px) {\n  #banner-685910782 {\n    padding-top: 500px;\n  }\n}\n<\/style>\n  <\/div>\n\n\n\n\t\t<\/div>\n\t\t\t\t\t<\/div>\n\n\t\n\n\t<div id=\"col-1097054493\" class=\"col medium-12 small-12 large-4\"  >\n\t\t\t\t<div class=\"col-inner\"  >\n\t\t\t\n\t\t\t\n\n\n  <div class=\"banner has-hover hide-for-medium\" id=\"banner-1481524522\">\n          <div class=\"banner-inner fill\">\n        <div class=\"banner-bg fill\" >\n            <div class=\"bg fill bg-fill \"><\/div>\n                                    \n                    <\/div>\n\t\t\n        <div class=\"banner-layers container\">\n            <div class=\"fill banner-link\"><\/div>            \n\n\n        <\/div>\n      <\/div>\n\n            \n<style>\n#banner-1481524522 {\n  padding-top: 17px;\n  background-color: rgb(254, 180, 24);\n}\n@media (min-width:550px) {\n  #banner-1481524522 {\n    padding-top: 500px;\n  }\n}\n<\/style>\n  <\/div>\n\n\n\n\t\t<\/div>\n\t\t\t\t\t<\/div>\n\n\t\n\n<\/div>\n\n","protected":false},"excerpt":{"rendered":"","protected":false},"author":1,"featured_media":0,"parent":0,"menu_order":0,"comment_status":"closed","ping_status":"closed","template":"page-blank.php","meta":{"footnotes":""},"class_list":["post-366","page","type-page","status-publish","hentry"],"_links":{"self":[{"href":"https:\/\/staging.artquick.it\/index.php?rest_route=\/wp\/v2\/pages\/366","targetHints":{"allow":["GET"]}}],"collection":[{"href":"https:\/\/staging.artquick.it\/index.php?rest_route=\/wp\/v2\/pages"}],"about":[{"href":"https:\/\/staging.artquick.it\/index.php?rest_route=\/wp\/v2\/types\/page"}],"author":[{"embeddable":true,"href":"https:\/\/staging.artquick.it\/index.php?rest_route=\/wp\/v2\/users\/1"}],"replies":[{"embeddable":true,"href":"https:\/\/staging.artquick.it\/index.php?rest_route=%2Fwp%2Fv2%2Fcomments&post=366"}],"version-history":[{"count":11,"href":"https:\/\/staging.artquick.it\/index.php?rest_route=\/wp\/v2\/pages\/366\/revisions"}],"predecessor-version":[{"id":658,"href":"https:\/\/staging.artquick.it\/index.php?rest_route=\/wp\/v2\/pages\/366\/revisions\/658"}],"wp:attachment":[{"href":"https:\/\/staging.artquick.it\/index.php?rest_route=%2Fwp%2Fv2%2Fmedia&parent=366"}],"curies":[{"name":"wp","href":"https:\/\/api.w.org\/{rel}","templated":true}]}}